{"id":276,"date":"2023-11-22T10:18:17","date_gmt":"2023-11-22T09:18:17","guid":{"rendered":"https:\/\/www.papillemamille.fr\/?page_id=276"},"modified":"2024-11-20T16:36:20","modified_gmt":"2024-11-20T15:36:20","slug":"test","status":"publish","type":"page","link":"https:\/\/www.papillemamille.fr\/","title":{"rendered":"Test"},"content":{"rendered":"\t\t<div data-elementor-type=\"wp-page\" data-elementor-id=\"276\" class=\"elementor elementor-276\">\n\t\t\t\t\t\t\t<div class=\"elementor-element elementor-element-4f75f73 e-flex e-con-boxed e-con e-parent\" data-id=\"4f75f73\" data-element_type=\"container\" data-settings=\"{&quot;content_width&quot;:&quot;boxed&quot;}\" data-core-v316-plus=\"true\">\n\t\t\t\t\t<div class=\"e-con-inner\">\n\t\t<div class=\"elementor-element elementor-element-b46bb0d e-con-full e-flex e-con e-child\" data-id=\"b46bb0d\" data-element_type=\"container\" data-settings=\"{&quot;content_width&quot;:&quot;full&quot;}\">\n\t\t\t\t<div class=\"elementor-element elementor-element-3832d3d elementor-align-center elementor-widget elementor-widget-button\" data-id=\"3832d3d\" data-element_type=\"widget\" data-widget_type=\"button.default\">\n\t\t\t\t<div class=\"elementor-widget-container\">\n\t\t\t\t\t<div class=\"elementor-button-wrapper\">\n\t\t\t<a class=\"elementor-button elementor-button-link elementor-size-lg\" href=\"https:\/\/menu.aisancecloud.fr\/menu\/AT220214.1.1.42515%7CCAISSESERVEUR\/takeaway\" rel=\"nofollow\">\n\t\t\t\t\t\t<span class=\"elementor-button-content-wrapper\">\n\t\t\t\t\t\t<span class=\"elementor-button-text\">Commander au Poir\u00e9-sur-Vie<\/span>\n\t\t<\/span>\n\t\t\t\t\t<\/a>\n\t\t<\/div>\n\t\t\t\t<\/div>\n\t\t\t\t<\/div>\n\t\t\t\t<\/div>\n\t\t<div class=\"elementor-element elementor-element-b81db4a e-con-full e-flex e-con e-child\" data-id=\"b81db4a\" data-element_type=\"container\" data-settings=\"{&quot;content_width&quot;:&quot;full&quot;}\">\n\t\t\t\t<div class=\"elementor-element elementor-element-2cd03f2 elementor-align-center elementor-widget elementor-widget-button\" data-id=\"2cd03f2\" data-element_type=\"widget\" data-widget_type=\"button.default\">\n\t\t\t\t<div class=\"elementor-widget-container\">\n\t\t\t\t\t<div class=\"elementor-button-wrapper\">\n\t\t\t<a class=\"elementor-button elementor-button-link elementor-size-lg\" href=\"https:\/\/menu.aisancecloud.fr\/menu\/AT241023.1.1.38086%7CCAISSE1\/takeaway\">\n\t\t\t\t\t\t<span class=\"elementor-button-content-wrapper\">\n\t\t\t\t\t\t<span class=\"elementor-button-text\">Commander \u00e0 la Roche-sur-Yon<\/span>\n\t\t<\/span>\n\t\t\t\t\t<\/a>\n\t\t<\/div>\n\t\t\t\t<\/div>\n\t\t\t\t<\/div>\n\t\t\t\t<\/div>\n\t\t<div class=\"elementor-element elementor-element-007325d e-con-full e-flex e-con e-child\" data-id=\"007325d\" data-element_type=\"container\" data-settings=\"{&quot;content_width&quot;:&quot;full&quot;}\">\n\t\t\t\t<div class=\"elementor-element elementor-element-4183ac4 elementor-align-center elementor-widget elementor-widget-button\" data-id=\"4183ac4\" data-element_type=\"widget\" data-widget_type=\"button.default\">\n\t\t\t\t<div class=\"elementor-widget-container\">\n\t\t\t\t\t<div class=\"elementor-button-wrapper\">\n\t\t\t<a class=\"elementor-button elementor-button-link elementor-size-lg\" href=\"https:\/\/www.papillemamille.fr\/index.php\/foodtruck\/\">\n\t\t\t\t\t\t<span class=\"elementor-button-content-wrapper\">\n\t\t\t\t\t\t<span class=\"elementor-button-text\">Foodtruck<\/span>\n\t\t<\/span>\n\t\t\t\t\t<\/a>\n\t\t<\/div>\n\t\t\t\t<\/div>\n\t\t\t\t<\/div>\n\t\t\t\t<\/div>\n\t\t\t\t\t<\/div>\n\t\t\t\t<\/div>\n\t\t<div class=\"elementor-element elementor-element-4f5b0e1 e-flex e-con-boxed e-con e-parent\" data-id=\"4f5b0e1\" data-element_type=\"container\" data-settings=\"{&quot;content_width&quot;:&quot;boxed&quot;}\" data-core-v316-plus=\"true\">\n\t\t\t\t\t<div class=\"e-con-inner\">\n\t\t\t\t<div class=\"elementor-element elementor-element-77decbd elementor-widget elementor-widget-text-editor\" data-id=\"77decbd\" data-element_type=\"widget\" data-widget_type=\"text-editor.default\">\n\t\t\t\t<div class=\"elementor-widget-container\">\n\t\t\t<style>\/*! elementor - v3.17.0 - 08-11-2023 *\/\n.elementor-widget-text-editor.elementor-drop-cap-view-stacked .elementor-drop-cap{background-color:#69727d;color:#fff}.elementor-widget-text-editor.elementor-drop-cap-view-framed .elementor-drop-cap{color:#69727d;border:3px solid;background-color:transparent}.elementor-widget-text-editor:not(.elementor-drop-cap-view-default) .elementor-drop-cap{margin-top:8px}.elementor-widget-text-editor:not(.elementor-drop-cap-view-default) .elementor-drop-cap-letter{width:1em;height:1em}.elementor-widget-text-editor .elementor-drop-cap{float:left;text-align:center;line-height:1;font-size:50px}.elementor-widget-text-editor .elementor-drop-cap-letter{display:inline-block}<\/style>\t\t\t\t<p style=\"margin-bottom: 0cm;\"><b><span style=\"font-size: 16.0pt; font-family: 'Lato Black',sans-serif;\">Les engagements des restaurants Burger et food truck Papille &amp; Mamille<br \/><\/span><\/b><\/p>\t\t\t\t\t\t<\/div>\n\t\t\t\t<\/div>\n\t\t\t\t\t<\/div>\n\t\t\t\t<\/div>\n\t\t<div class=\"elementor-element elementor-element-3daa905 e-flex e-con-boxed e-con e-parent\" data-id=\"3daa905\" data-element_type=\"container\" data-settings=\"{&quot;content_width&quot;:&quot;boxed&quot;}\" data-core-v316-plus=\"true\">\n\t\t\t\t\t<div class=\"e-con-inner\">\n\t\t<div class=\"elementor-element elementor-element-7f24ccd e-con-full e-flex e-con e-child\" data-id=\"7f24ccd\" data-element_type=\"container\" data-settings=\"{&quot;content_width&quot;:&quot;full&quot;}\">\n\t\t\t\t<div class=\"elementor-element elementor-element-9a9fd6b elementor-widget elementor-widget-image\" data-id=\"9a9fd6b\" data-element_type=\"widget\" data-widget_type=\"image.default\">\n\t\t\t\t<div class=\"elementor-widget-container\">\n\t\t\t<style>\/*! elementor - v3.17.0 - 08-11-2023 *\/\n.elementor-widget-image{text-align:center}.elementor-widget-image a{display:inline-block}.elementor-widget-image a img[src$=\".svg\"]{width:48px}.elementor-widget-image img{vertical-align:middle;display:inline-block}<\/style>\t\t\t\t\t\t\t\t\t\t\t\t<img fetchpriority=\"high\" decoding=\"async\" width=\"300\" height=\"195\" src=\"https:\/\/www.papillemamille.fr\/wp-content\/uploads\/2023\/11\/produits-frais-papille-mamille-e1700648001275-300x195.jpeg\" class=\"attachment-medium size-medium wp-image-170\" alt=\"\" srcset=\"https:\/\/www.papillemamille.fr\/wp-content\/uploads\/2023\/11\/produits-frais-papille-mamille-e1700648001275-300x195.jpeg 300w, https:\/\/www.papillemamille.fr\/wp-content\/uploads\/2023\/11\/produits-frais-papille-mamille-e1700648001275-1024x666.jpeg 1024w, https:\/\/www.papillemamille.fr\/wp-content\/uploads\/2023\/11\/produits-frais-papille-mamille-e1700648001275-768x500.jpeg 768w, https:\/\/www.papillemamille.fr\/wp-content\/uploads\/2023\/11\/produits-frais-papille-mamille-e1700648001275.jpeg 1348w\" sizes=\"(max-width: 300px) 100vw, 300px\" \/>\t\t\t\t\t\t\t\t\t\t\t\t\t\t\t<\/div>\n\t\t\t\t<\/div>\n\t\t\t\t<\/div>\n\t\t<div class=\"elementor-element elementor-element-0f2abfd e-con-full e-flex e-con e-child\" data-id=\"0f2abfd\" data-element_type=\"container\" data-settings=\"{&quot;content_width&quot;:&quot;full&quot;}\">\n\t\t\t\t<div class=\"elementor-element elementor-element-f478ad5 elementor-widget elementor-widget-text-editor\" data-id=\"f478ad5\" data-element_type=\"widget\" data-widget_type=\"text-editor.default\">\n\t\t\t\t<div class=\"elementor-widget-container\">\n\t\t\t\t\t\t\t<p style=\"margin-bottom: 0cm;\"><b><span style=\"font-family: 'Lato Black',sans-serif;\">Une cuisine fra\u00eeche et faite maison <br \/><br \/><\/span><\/b><span style=\"font-family: 'Lato',sans-serif;\">En tant qu\u2019artisan burger nous tenons \u00e0 fabriquer nous-m\u00eame tous nos burgers avec des ingr\u00e9dients rigoureusement s\u00e9lectionn\u00e9s pour leur fra\u00eecheur et leur qualit\u00e9 gustative.<\/span><\/p>\t\t\t\t\t\t<\/div>\n\t\t\t\t<\/div>\n\t\t\t\t<\/div>\n\t\t\t\t\t<\/div>\n\t\t\t\t<\/div>\n\t\t<div class=\"elementor-element elementor-element-0413eb1 e-flex e-con-boxed e-con e-parent\" data-id=\"0413eb1\" data-element_type=\"container\" data-settings=\"{&quot;content_width&quot;:&quot;boxed&quot;}\" data-core-v316-plus=\"true\">\n\t\t\t\t\t<div class=\"e-con-inner\">\n\t\t<div class=\"elementor-element elementor-element-002f921 e-con-full e-flex e-con e-child\" data-id=\"002f921\" data-element_type=\"container\" data-settings=\"{&quot;content_width&quot;:&quot;full&quot;}\">\n\t\t\t\t<div class=\"elementor-element elementor-element-690cd5d elementor-widget elementor-widget-image\" data-id=\"690cd5d\" data-element_type=\"widget\" data-widget_type=\"image.default\">\n\t\t\t\t<div class=\"elementor-widget-container\">\n\t\t\t\t\t\t\t\t\t\t\t\t\t\t\t<img decoding=\"async\" width=\"300\" height=\"211\" src=\"https:\/\/www.papillemamille.fr\/wp-content\/uploads\/2023\/11\/food-truck-papille-mamille-equipe-300x211.jpg\" class=\"attachment-medium size-medium wp-image-178\" alt=\"\" srcset=\"https:\/\/www.papillemamille.fr\/wp-content\/uploads\/2023\/11\/food-truck-papille-mamille-equipe-300x211.jpg 300w, https:\/\/www.papillemamille.fr\/wp-content\/uploads\/2023\/11\/food-truck-papille-mamille-equipe-768x540.jpg 768w, https:\/\/www.papillemamille.fr\/wp-content\/uploads\/2023\/11\/food-truck-papille-mamille-equipe.jpg 828w\" sizes=\"(max-width: 300px) 100vw, 300px\" \/>\t\t\t\t\t\t\t\t\t\t\t\t\t\t\t<\/div>\n\t\t\t\t<\/div>\n\t\t\t\t<\/div>\n\t\t<div class=\"elementor-element elementor-element-6f13368 e-con-full e-flex e-con e-child\" data-id=\"6f13368\" data-element_type=\"container\" data-settings=\"{&quot;content_width&quot;:&quot;full&quot;}\">\n\t\t\t\t<div class=\"elementor-element elementor-element-bd94d60 elementor-widget elementor-widget-text-editor\" data-id=\"bd94d60\" data-element_type=\"widget\" data-widget_type=\"text-editor.default\">\n\t\t\t\t<div class=\"elementor-widget-container\">\n\t\t\t\t\t\t\t<p><strong>Un service rapide et discret\u00a0<\/strong><\/p><p>Notre \u00e9tat d\u2019esprit\u00a0: convivialit\u00e9, discr\u00e9tion et satisfaction client. Passionn\u00e9s par le m\u00e9tier de la restauration snack de qualit\u00e9, notre \u00e9quipe est \u00e0 votre \u00e9coute pour que vous passiez un moment chaleureux et agr\u00e9able.<\/p>\t\t\t\t\t\t<\/div>\n\t\t\t\t<\/div>\n\t\t\t\t<\/div>\n\t\t\t\t\t<\/div>\n\t\t\t\t<\/div>\n\t\t<div class=\"elementor-element elementor-element-811eac0 e-flex e-con-boxed e-con e-parent\" data-id=\"811eac0\" data-element_type=\"container\" data-settings=\"{&quot;content_width&quot;:&quot;boxed&quot;}\" data-core-v316-plus=\"true\">\n\t\t\t\t\t<div class=\"e-con-inner\">\n\t\t<div class=\"elementor-element elementor-element-ccc9d21 e-con-full e-flex e-con e-child\" data-id=\"ccc9d21\" data-element_type=\"container\" data-settings=\"{&quot;content_width&quot;:&quot;full&quot;}\">\n\t\t\t\t<div class=\"elementor-element elementor-element-20dcc59 elementor-widget elementor-widget-image\" data-id=\"20dcc59\" data-element_type=\"widget\" data-widget_type=\"image.default\">\n\t\t\t\t<div class=\"elementor-widget-container\">\n\t\t\t\t\t\t\t\t\t\t\t\t\t\t\t<img decoding=\"async\" width=\"300\" height=\"182\" src=\"https:\/\/www.papillemamille.fr\/wp-content\/uploads\/2023\/11\/produits-vendee-papille-mamille-300x182.jpg\" class=\"attachment-medium size-medium wp-image-219\" alt=\"\" srcset=\"https:\/\/www.papillemamille.fr\/wp-content\/uploads\/2023\/11\/produits-vendee-papille-mamille-300x182.jpg 300w, https:\/\/www.papillemamille.fr\/wp-content\/uploads\/2023\/11\/produits-vendee-papille-mamille-1024x622.jpg 1024w, https:\/\/www.papillemamille.fr\/wp-content\/uploads\/2023\/11\/produits-vendee-papille-mamille-768x466.jpg 768w, https:\/\/www.papillemamille.fr\/wp-content\/uploads\/2023\/11\/produits-vendee-papille-mamille-1536x933.jpg 1536w, https:\/\/www.papillemamille.fr\/wp-content\/uploads\/2023\/11\/produits-vendee-papille-mamille-2048x1244.jpg 2048w\" sizes=\"(max-width: 300px) 100vw, 300px\" \/>\t\t\t\t\t\t\t\t\t\t\t\t\t\t\t<\/div>\n\t\t\t\t<\/div>\n\t\t\t\t<\/div>\n\t\t<div class=\"elementor-element elementor-element-4fafab1 e-con-full e-flex e-con e-child\" data-id=\"4fafab1\" data-element_type=\"container\" data-settings=\"{&quot;content_width&quot;:&quot;full&quot;}\">\n\t\t\t\t<div class=\"elementor-element elementor-element-04d91de elementor-widget elementor-widget-text-editor\" data-id=\"04d91de\" data-element_type=\"widget\" data-widget_type=\"text-editor.default\">\n\t\t\t\t<div class=\"elementor-widget-container\">\n\t\t\t\t\t\t\t<p><strong>Le souci de l\u2019environnement\u00a0<\/strong><\/p><p>Que ce soit au restaurant ou au food truck, notre objectif est de r\u00e9duire au maximum notre empreinte \u00e9cologique. Nous limitons ainsi tous les emballages inutiles \u00e0 travers le fait-maison. Notre approvisionnement aupr\u00e8s de producteurs locaux vise \u00e9galement \u00e0 limiter les d\u00e9placements.<\/p>\t\t\t\t\t\t<\/div>\n\t\t\t\t<\/div>\n\t\t\t\t<\/div>\n\t\t\t\t\t<\/div>\n\t\t\t\t<\/div>\n\t\t\t\t\t\t\t<\/div>\n\t\t","protected":false},"excerpt":{"rendered":"<p>Commander au Poir\u00e9-sur-Vie Commander \u00e0 la Roche-sur-Yon Foodtruck Les engagements [&hellip;]<\/p>\n","protected":false},"author":1,"featured_media":0,"parent":0,"menu_order":0,"comment_status":"closed","ping_status":"closed","template":"","meta":{"footnotes":""},"class_list":["post-276","page","type-page","status-publish","hentry"],"_links":{"self":[{"href":"https:\/\/www.papillemamille.fr\/index.php\/wp-json\/wp\/v2\/pages\/276","targetHints":{"allow":["GET"]}}],"collection":[{"href":"https:\/\/www.papillemamille.fr\/index.php\/wp-json\/wp\/v2\/pages"}],"about":[{"href":"https:\/\/www.papillemamille.fr\/index.php\/wp-json\/wp\/v2\/types\/page"}],"author":[{"embeddable":true,"href":"https:\/\/www.papillemamille.fr\/index.php\/wp-json\/wp\/v2\/users\/1"}],"replies":[{"embeddable":true,"href":"https:\/\/www.papillemamille.fr\/index.php\/wp-json\/wp\/v2\/comments?post=276"}],"version-history":[{"count":43,"href":"https:\/\/www.papillemamille.fr\/index.php\/wp-json\/wp\/v2\/pages\/276\/revisions"}],"predecessor-version":[{"id":506,"href":"https:\/\/www.papillemamille.fr\/index.php\/wp-json\/wp\/v2\/pages\/276\/revisions\/506"}],"wp:attachment":[{"href":"https:\/\/www.papillemamille.fr\/index.php\/wp-json\/wp\/v2\/media?parent=276"}],"curies":[{"name":"wp","href":"https:\/\/api.w.org\/{rel}","templated":true}]}}